{"id":3460,"date":"2024-04-15T11:21:15","date_gmt":"2024-04-15T17:21:15","guid":{"rendered":"https:\/\/www.coloradokidsdental.com\/?page_id=3460"},"modified":"2024-07-30T14:56:30","modified_gmt":"2024-07-30T20:56:30","slug":"teething","status":"publish","type":"page","link":"https:\/\/www.coloradokidsdental.com\/es\/services\/infant-toddler-dentistry\/teething\/","title":{"rendered":"Dentici\u00f3n"},"content":{"rendered":"<h2>Dentici\u00f3n en Denver, CO<\/h2>\n<p>El beb\u00e9 empieza la dentici\u00f3n alrededor de los seis meses. Este proceso intermitente termina con la aparici\u00f3n de un adorable diente blanco. Llegar a ese resultado puede ser dif\u00edcil, frustrante y provocar insomnio tanto al beb\u00e9 como a sus cuidadores. Nuestro equipo est\u00e1 aqu\u00ed para ofrecerte consejos y sugerencias, as\u00ed como apoyo y \u00e1nimo. Pero no te preocupes, la dentici\u00f3n no dura para siempre. Un ni\u00f1o ya tiene sus 20 dientes primarios alrededor de los tres a\u00f1os.<\/p>\n<blockquote>\n<h5><em><img loading=\"lazy\" decoding=\"async\" class=\"alignnone wp-image-3764\" src=\"https:\/\/www.coloradokidsdental.com\/wp-content\/uploads\/2024\/07\/lightbulb.png\" alt=\"\" width=\"35\" height=\"35\" srcset=\"https:\/\/www.coloradokidsdental.com\/wp-content\/uploads\/2024\/07\/lightbulb.png 64w, https:\/\/www.coloradokidsdental.com\/wp-content\/uploads\/2024\/07\/lightbulb-12x12.png 12w\" sizes=\"(max-width: 35px) 100vw, 35px\" \/>\u00bfSAB\u00cdAS QU\u00c9?<\/em><\/h5>\n<p> Los beb\u00e9s no nacen con las bacterias que causan la caries. La reciben de la saliva de sus padres y de otras personas. Los besos, compartir comida y utensilios, e incluso compartir juguetes, transfieren la S. mutans de una persona a otra.<\/em><\/p><\/blockquote>\n<h2>S\u00edntomas provocados por la dentici\u00f3n en beb\u00e9s<\/h2>\n<p>A algunos beb\u00e9s les empiezan a salir los dientes a los tres meses, mientras que a otros es a los doce. A continuaci\u00f3n te indicamos los s\u00edntomas m\u00e1s comunes que te avisar\u00e1n del comienzo de la dentici\u00f3n. Adem\u00e1s, a medida que avance el proceso, notar\u00e1s y ver\u00e1s que aparecen protuberancias bajo las enc\u00edas, justo en el lugar donde surgir\u00e1 un diente.<\/p>\n<ul>\n<li>Irritabilidad y llanto.<\/li>\n<li>Babeo<\/li>\n<li>Hinchaz\u00f3n de las enc\u00edas.<\/li>\n<li>Sensibilidad de las enc\u00edas.<\/li>\n<li>M\u00e1s babeo.<\/li>\n<li>Alteraci\u00f3n del sue\u00f1o.<\/li>\n<\/ul>\n<h2>Reduce los s\u00edntomas de la dentici\u00f3n de tu beb\u00e9<\/h2>\n<p>La dentici\u00f3n es un proceso natural que recorren todos los beb\u00e9s. Los siguientes consejos pueden reducir o aliviar el dolor de la dentici\u00f3n de tu peque\u00f1o.<\/p>\n<ul>\n<li><strong>Anillos o juguetes para la dentici\u00f3n: <\/strong>En las tiendas y farmacias hay un sinf\u00edn de art\u00edculos seguros relacionados con la dentici\u00f3n, y en Internet encontrar\u00e1s muchos m\u00e1s. Aseg\u00farate de elegir art\u00edculos sin BPA y, si es necesario, tambi\u00e9n sin l\u00e1tex. Cuando tu beb\u00e9 mastique un mordedor es normal que babee abundantemente.<\/li>\n<li><strong>Terapia de fr\u00edo: <\/strong>Coloca los anillos de dentici\u00f3n o un pa\u00f1o h\u00famedo en el frigor\u00edfico (NO en el congelador) antes de d\u00e1rselo a tu beb\u00e9 para que lo muerda. Los objetos fr\u00edos reducen la inflamaci\u00f3n y sientan muy bien a las enc\u00edas doloridas de tu peque\u00f1o. Para los beb\u00e9s que se alimentan con comida normal, algunos mordedores incorporan una red blanda en cuyo interior puedes colocar fruta fr\u00eda.<\/li>\n<li><strong>Analg\u00e9sicos y remedios sin receta:<\/strong> Si los mordedores y la terapia con fr\u00edo no funcionan bien, puedes adquirir un analg\u00e9sico infantil en una farmacia. Si el beb\u00e9 es demasiado peque\u00f1o como para tomar paracetamol o ibuprofeno, existen opciones homeop\u00e1ticas. Recuerda que debes administrar al beb\u00e9 la dosis exacta para su edad, en los intervalos de tiempo adecuados.<\/li>\n<li><strong>Masaje de enc\u00edas:<\/strong> Los anillos y juguetes de dentici\u00f3n ayudan a que el beb\u00e9 se tranquilice porque al masticarlos masajean las enc\u00edas. Tambi\u00e9n puede ir bien tu propio dedo o nudillo. L\u00e1vate las manos, luego presiona suavemente y frota las enc\u00edas de tu peque\u00f1o sobre la zona del diente que est\u00e1 saliendo.<\/li>\n<li><strong>Rutina: <\/strong>Seguir la rutina habitual de alimentaci\u00f3n y sue\u00f1o de tu beb\u00e9 le resultar\u00e1 familiar y reconfortante. Tambi\u00e9n evitar\u00e1 que tengas que restablecer las rutinas entre los episodios de dentici\u00f3n.<\/li>\n<li><strong>Elementos de consuelo:<\/strong> Un juguete o una manta pueden reconfortar a un ni\u00f1o que se siente agobiado o inc\u00f3modo. Lleva contigo el objeto reconfortante cuando est\u00e9s fuera de casa, para que tu beb\u00e9 pueda tranquilizarse mientras viaja.<\/li>\n<\/ul>\n<h2>C\u00f3mo ayudar a tu hijo durante la dentici\u00f3n<\/h2>\n<p>Si tienes alguna duda sobre la dentici\u00f3n o el desarrollo dental, ll\u00e1manos para que te ayudemos. Tras la salida del primer diente, reserva la primera visita dental de tu peque\u00f1o en nuestra cl\u00ednica dental infantil de Denver. \u00a1Estamos deseando conocerte a ti y a tu beb\u00e9!<\/p>","protected":false},"excerpt":{"rendered":"<p>Es normal que tu peque\u00f1o tenga molestias durante la dentici\u00f3n, lo que le har\u00e1 llorar y estar irritable. La buena noticia es que puedes tomar medidas para reducir las molestias de tu hijo gracias a los consejos de nuestro dentista infantil de Denver.<\/p>","protected":false},"author":2,"featured_media":3444,"parent":3402,"menu_order":0,"comment_status":"closed","ping_status":"closed","template":"","meta":{"_et_pb_use_builder":"","_et_pb_old_content":"","_et_gb_content_width":"","_monsterinsights_skip_tracking":false,"_monsterinsights_sitenote_active":false,"_monsterinsights_sitenote_note":"","_monsterinsights_sitenote_category":0,"footnotes":""},"class_list":["post-3460","page","type-page","status-publish","has-post-thumbnail","hentry"],"aioseo_notices":[],"aioseo_head":"\n\t\t<!-- All in One SEO Pro 4.9.6 - aioseo.com -->\n\t<meta name=\"description\" content=\"It\u2019s difficult to see someone you love in pain, especially if that someone is tiny! We offer teething advice and tips to reduce or ease your baby\u2019s discomfort.\" \/>\n\t<meta name=\"robots\" content=\"max-image-preview:large\" \/>\n\t<meta name=\"google-site-verification\" content=\"RcTk6iT82EKOvDVoW-KjdU3GzOsIE3xKWi3DitnN5dE\" \/>\n\t<link rel=\"canonical\" href=\"https:\/\/www.coloradokidsdental.com\/es\/services\/infant-toddler-dentistry\/teething\/\" \/>\n\t<meta name=\"generator\" content=\"All in One SEO Pro (AIOSEO) 4.9.6\" \/>\n\t\t<meta property=\"og:locale\" content=\"es_MX\" \/>\n\t\t<meta property=\"og:site_name\" content=\"Kid&#039;s Dental | Our dental office is devoted to serving our community and ensuring everyone has affordable access to dental care. We have several payment options available in addition to dental insurance, including Medicaid and CareCredit.\" \/>\n\t\t<meta property=\"og:type\" content=\"company\" \/>\n\t\t<meta property=\"og:title\" content=\"Teething in Denver | Kid&#039;s Dental\" \/>\n\t\t<meta property=\"og:description\" content=\"It\u2019s difficult to see someone you love in pain, especially if that someone is tiny! We offer teething advice and tips to reduce or ease your baby\u2019s discomfort.\" \/>\n\t\t<meta property=\"og:url\" content=\"https:\/\/www.coloradokidsdental.com\/es\/services\/infant-toddler-dentistry\/teething\/\" \/>\n\t\t<meta property=\"og:image\" content=\"https:\/\/www.coloradokidsdental.com\/wp-content\/uploads\/2024\/04\/InfantSuckingThumb.jpg\" \/>\n\t\t<meta property=\"og:image:secure_url\" content=\"https:\/\/www.coloradokidsdental.com\/wp-content\/uploads\/2024\/04\/InfantSuckingThumb.jpg\" \/>\n\t\t<meta property=\"og:image:width\" content=\"600\" \/>\n\t\t<meta property=\"og:image:height\" content=\"600\" \/>\n\t\t<meta name=\"twitter:card\" content=\"summary_large_image\" \/>\n\t\t<meta name=\"twitter:title\" content=\"Teething in Denver | Kid&#039;s Dental\" \/>\n\t\t<meta name=\"twitter:description\" content=\"It\u2019s difficult to see someone you love in pain, especially if that someone is tiny! We offer teething advice and tips to reduce or ease your baby\u2019s discomfort.\" \/>\n\t\t<meta name=\"twitter:image\" content=\"https:\/\/www.coloradokidsdental.com\/wp-content\/uploads\/2024\/09\/colorado-kids-dental-new-logo-1.webp\" \/>\n\t\t<script type=\"application\/ld+json\" class=\"aioseo-schema\">\n\t\t\t{\"@context\":\"https:\\\/\\\/schema.org\",\"@graph\":[{\"@type\":\"BreadcrumbList\",\"@id\":\"https:\\\/\\\/www.coloradokidsdental.com\\\/es\\\/services\\\/infant-toddler-dentistry\\\/teething\\\/#breadcrumblist\",\"itemListElement\":[{\"@type\":\"ListItem\",\"@id\":\"https:\\\/\\\/www.coloradokidsdental.com\\\/es#listItem\",\"position\":1,\"name\":\"Home\",\"item\":\"https:\\\/\\\/www.coloradokidsdental.com\\\/es\",\"nextItem\":{\"@type\":\"ListItem\",\"@id\":\"https:\\\/\\\/www.coloradokidsdental.com\\\/es\\\/services\\\/#listItem\",\"name\":\"Services\"}},{\"@type\":\"ListItem\",\"@id\":\"https:\\\/\\\/www.coloradokidsdental.com\\\/es\\\/services\\\/#listItem\",\"position\":2,\"name\":\"Services\",\"item\":\"https:\\\/\\\/www.coloradokidsdental.com\\\/es\\\/services\\\/\",\"nextItem\":{\"@type\":\"ListItem\",\"@id\":\"https:\\\/\\\/www.coloradokidsdental.com\\\/es\\\/services\\\/infant-toddler-dentistry\\\/#listItem\",\"name\":\"Infant &#038; Toddler Dentistry\"},\"previousItem\":{\"@type\":\"ListItem\",\"@id\":\"https:\\\/\\\/www.coloradokidsdental.com\\\/es#listItem\",\"name\":\"Home\"}},{\"@type\":\"ListItem\",\"@id\":\"https:\\\/\\\/www.coloradokidsdental.com\\\/es\\\/services\\\/infant-toddler-dentistry\\\/#listItem\",\"position\":3,\"name\":\"Infant &#038; Toddler Dentistry\",\"item\":\"https:\\\/\\\/www.coloradokidsdental.com\\\/es\\\/services\\\/infant-toddler-dentistry\\\/\",\"nextItem\":{\"@type\":\"ListItem\",\"@id\":\"https:\\\/\\\/www.coloradokidsdental.com\\\/es\\\/services\\\/infant-toddler-dentistry\\\/teething\\\/#listItem\",\"name\":\"Teething\"},\"previousItem\":{\"@type\":\"ListItem\",\"@id\":\"https:\\\/\\\/www.coloradokidsdental.com\\\/es\\\/services\\\/#listItem\",\"name\":\"Services\"}},{\"@type\":\"ListItem\",\"@id\":\"https:\\\/\\\/www.coloradokidsdental.com\\\/es\\\/services\\\/infant-toddler-dentistry\\\/teething\\\/#listItem\",\"position\":4,\"name\":\"Teething\",\"previousItem\":{\"@type\":\"ListItem\",\"@id\":\"https:\\\/\\\/www.coloradokidsdental.com\\\/es\\\/services\\\/infant-toddler-dentistry\\\/#listItem\",\"name\":\"Infant &#038; Toddler Dentistry\"}}]},{\"@type\":\"Organization\",\"@id\":\"https:\\\/\\\/www.coloradokidsdental.com\\\/es\\\/#organization\",\"name\":\"Kid's Dental\",\"description\":\"Our dental office is devoted to serving our community and ensuring everyone has affordable access to dental care. We have several payment options available in addition to dental insurance, including Medicaid and CareCredit.\",\"url\":\"https:\\\/\\\/www.coloradokidsdental.com\\\/es\\\/\",\"email\":\"federal@coloradokidsdental.com\",\"telephone\":\"+17205710404\",\"logo\":{\"@type\":\"ImageObject\",\"url\":\"https:\\\/\\\/www.coloradokidsdental.com\\\/wp-content\\\/uploads\\\/2024\\\/09\\\/colorado-kids-dental-new-logo-1.webp\",\"@id\":\"https:\\\/\\\/www.coloradokidsdental.com\\\/es\\\/services\\\/infant-toddler-dentistry\\\/teething\\\/#organizationLogo\",\"width\":350,\"height\":92},\"image\":{\"@id\":\"https:\\\/\\\/www.coloradokidsdental.com\\\/es\\\/services\\\/infant-toddler-dentistry\\\/teething\\\/#organizationLogo\"},\"sameAs\":[\"https:\\\/\\\/www.facebook.com\\\/kidsdentalfederal\\\/\"],\"address\":{\"@id\":\"https:\\\/\\\/www.coloradokidsdental.com\\\/es\\\/#postaladdress\",\"@type\":\"PostalAddress\",\"streetAddress\":\"2001 W. Alameda Ave,\",\"postalCode\":\"80223\",\"addressLocality\":\"Denver\",\"addressRegion\":\"Colorado\",\"addressCountry\":\"US\"}},{\"@type\":\"WebPage\",\"@id\":\"https:\\\/\\\/www.coloradokidsdental.com\\\/es\\\/services\\\/infant-toddler-dentistry\\\/teething\\\/#webpage\",\"url\":\"https:\\\/\\\/www.coloradokidsdental.com\\\/es\\\/services\\\/infant-toddler-dentistry\\\/teething\\\/\",\"name\":\"Teething in Denver | Kid's Dental\",\"description\":\"It\\u2019s difficult to see someone you love in pain, especially if that someone is tiny! We offer teething advice and tips to reduce or ease your baby\\u2019s discomfort.\",\"inLanguage\":\"es-MX\",\"isPartOf\":{\"@id\":\"https:\\\/\\\/www.coloradokidsdental.com\\\/es\\\/#website\"},\"breadcrumb\":{\"@id\":\"https:\\\/\\\/www.coloradokidsdental.com\\\/es\\\/services\\\/infant-toddler-dentistry\\\/teething\\\/#breadcrumblist\"},\"image\":{\"@type\":\"ImageObject\",\"url\":\"https:\\\/\\\/www.coloradokidsdental.com\\\/wp-content\\\/uploads\\\/2024\\\/04\\\/InfantSuckingThumb.jpg\",\"@id\":\"https:\\\/\\\/www.coloradokidsdental.com\\\/es\\\/services\\\/infant-toddler-dentistry\\\/teething\\\/#mainImage\",\"width\":600,\"height\":600,\"caption\":\"Infant Sucking Thumb\"},\"primaryImageOfPage\":{\"@id\":\"https:\\\/\\\/www.coloradokidsdental.com\\\/es\\\/services\\\/infant-toddler-dentistry\\\/teething\\\/#mainImage\"},\"datePublished\":\"2024-04-15T11:21:15-06:00\",\"dateModified\":\"2024-07-30T14:56:30-06:00\"},{\"@type\":\"WebSite\",\"@id\":\"https:\\\/\\\/www.coloradokidsdental.com\\\/es\\\/#website\",\"url\":\"https:\\\/\\\/www.coloradokidsdental.com\\\/es\\\/\",\"name\":\"Kid's Dental\",\"alternateName\":\"Kid's Dental\",\"description\":\"Our dental office is devoted to serving our community and ensuring everyone has affordable access to dental care. We have several payment options available in addition to dental insurance, including Medicaid and CareCredit.\",\"inLanguage\":\"es-MX\",\"publisher\":{\"@id\":\"https:\\\/\\\/www.coloradokidsdental.com\\\/es\\\/#organization\"}}]}\n\t\t<\/script>\n\t\t<!-- All in One SEO Pro -->\r\n\t\t<title>Teething in Denver | Kid's Dental<\/title>\n\n","aioseo_head_json":{"title":"Dentici\u00f3n en Denver | Kid's Dental","description":"Es duro ver sufrir a alguien a quien quieres, \u00a1sobre todo si es un peque\u00f1\u00edn! Aqu\u00ed te ofrecemos consejos para aliviar las molestias dentales de tu beb\u00e9.","canonical_url":"https:\/\/www.coloradokidsdental.com\/es\/services\/infant-toddler-dentistry\/teething\/","robots":"max-image-preview:large","keywords":"","webmasterTools":{"google-site-verification":"RcTk6iT82EKOvDVoW-KjdU3GzOsIE3xKWi3DitnN5dE","miscellaneous":""},"schema":{"@context":"https:\/\/schema.org","@graph":[{"@type":"BreadcrumbList","@id":"https:\/\/www.coloradokidsdental.com\/es\/services\/infant-toddler-dentistry\/teething\/#breadcrumblist","itemListElement":[{"@type":"ListItem","@id":"https:\/\/www.coloradokidsdental.com\/es#listItem","position":1,"name":"Home","item":"https:\/\/www.coloradokidsdental.com\/es","nextItem":{"@type":"ListItem","@id":"https:\/\/www.coloradokidsdental.com\/es\/services\/#listItem","name":"Services"}},{"@type":"ListItem","@id":"https:\/\/www.coloradokidsdental.com\/es\/services\/#listItem","position":2,"name":"Services","item":"https:\/\/www.coloradokidsdental.com\/es\/services\/","nextItem":{"@type":"ListItem","@id":"https:\/\/www.coloradokidsdental.com\/es\/services\/infant-toddler-dentistry\/#listItem","name":"Infant &#038; Toddler Dentistry"},"previousItem":{"@type":"ListItem","@id":"https:\/\/www.coloradokidsdental.com\/es#listItem","name":"Home"}},{"@type":"ListItem","@id":"https:\/\/www.coloradokidsdental.com\/es\/services\/infant-toddler-dentistry\/#listItem","position":3,"name":"Infant &#038; Toddler Dentistry","item":"https:\/\/www.coloradokidsdental.com\/es\/services\/infant-toddler-dentistry\/","nextItem":{"@type":"ListItem","@id":"https:\/\/www.coloradokidsdental.com\/es\/services\/infant-toddler-dentistry\/teething\/#listItem","name":"Teething"},"previousItem":{"@type":"ListItem","@id":"https:\/\/www.coloradokidsdental.com\/es\/services\/#listItem","name":"Services"}},{"@type":"ListItem","@id":"https:\/\/www.coloradokidsdental.com\/es\/services\/infant-toddler-dentistry\/teething\/#listItem","position":4,"name":"Teething","previousItem":{"@type":"ListItem","@id":"https:\/\/www.coloradokidsdental.com\/es\/services\/infant-toddler-dentistry\/#listItem","name":"Infant &#038; Toddler Dentistry"}}]},{"@type":"Organization","@id":"https:\/\/www.coloradokidsdental.com\/es\/#organization","name":"Kid's Dental","description":"Our dental office is devoted to serving our community and ensuring everyone has affordable access to dental care. We have several payment options available in addition to dental insurance, including Medicaid and CareCredit.","url":"https:\/\/www.coloradokidsdental.com\/es\/","email":"federal@coloradokidsdental.com","telephone":"+17205710404","logo":{"@type":"ImageObject","url":"https:\/\/www.coloradokidsdental.com\/wp-content\/uploads\/2024\/09\/colorado-kids-dental-new-logo-1.webp","@id":"https:\/\/www.coloradokidsdental.com\/es\/services\/infant-toddler-dentistry\/teething\/#organizationLogo","width":350,"height":92},"image":{"@id":"https:\/\/www.coloradokidsdental.com\/es\/services\/infant-toddler-dentistry\/teething\/#organizationLogo"},"sameAs":["https:\/\/www.facebook.com\/kidsdentalfederal\/"],"address":{"@id":"https:\/\/www.coloradokidsdental.com\/es\/#postaladdress","@type":"PostalAddress","streetAddress":"2001 W. Alameda Ave,","postalCode":"80223","addressLocality":"Denver","addressRegion":"Colorado","addressCountry":"US"}},{"@type":"WebPage","@id":"https:\/\/www.coloradokidsdental.com\/es\/services\/infant-toddler-dentistry\/teething\/#webpage","url":"https:\/\/www.coloradokidsdental.com\/es\/services\/infant-toddler-dentistry\/teething\/","name":"Teething in Denver | Kid's Dental","description":"It\u2019s difficult to see someone you love in pain, especially if that someone is tiny! We offer teething advice and tips to reduce or ease your baby\u2019s discomfort.","inLanguage":"es-MX","isPartOf":{"@id":"https:\/\/www.coloradokidsdental.com\/es\/#website"},"breadcrumb":{"@id":"https:\/\/www.coloradokidsdental.com\/es\/services\/infant-toddler-dentistry\/teething\/#breadcrumblist"},"image":{"@type":"ImageObject","url":"https:\/\/www.coloradokidsdental.com\/wp-content\/uploads\/2024\/04\/InfantSuckingThumb.jpg","@id":"https:\/\/www.coloradokidsdental.com\/es\/services\/infant-toddler-dentistry\/teething\/#mainImage","width":600,"height":600,"caption":"Infant Sucking Thumb"},"primaryImageOfPage":{"@id":"https:\/\/www.coloradokidsdental.com\/es\/services\/infant-toddler-dentistry\/teething\/#mainImage"},"datePublished":"2024-04-15T11:21:15-06:00","dateModified":"2024-07-30T14:56:30-06:00"},{"@type":"WebSite","@id":"https:\/\/www.coloradokidsdental.com\/es\/#website","url":"https:\/\/www.coloradokidsdental.com\/es\/","name":"Kid's Dental","alternateName":"Kid's Dental","description":"Our dental office is devoted to serving our community and ensuring everyone has affordable access to dental care. We have several payment options available in addition to dental insurance, including Medicaid and CareCredit.","inLanguage":"es-MX","publisher":{"@id":"https:\/\/www.coloradokidsdental.com\/es\/#organization"}}]},"og:locale":"es_MX","og:site_name":"Kid's Dental | Our dental office is devoted to serving our community and ensuring everyone has affordable access to dental care. We have several payment options available in addition to dental insurance, including Medicaid and CareCredit.","og:type":"company","og:title":"Teething in Denver | Kid's Dental","og:description":"It\u2019s difficult to see someone you love in pain, especially if that someone is tiny! We offer teething advice and tips to reduce or ease your baby\u2019s discomfort.","og:url":"https:\/\/www.coloradokidsdental.com\/es\/services\/infant-toddler-dentistry\/teething\/","og:image":"https:\/\/www.coloradokidsdental.com\/wp-content\/uploads\/2024\/04\/InfantSuckingThumb.jpg","og:image:secure_url":"https:\/\/www.coloradokidsdental.com\/wp-content\/uploads\/2024\/04\/InfantSuckingThumb.jpg","og:image:width":600,"og:image:height":600,"twitter:card":"summary_large_image","twitter:title":"Teething in Denver | Kid's Dental","twitter:description":"It\u2019s difficult to see someone you love in pain, especially if that someone is tiny! We offer teething advice and tips to reduce or ease your baby\u2019s discomfort.","twitter:image":"https:\/\/www.coloradokidsdental.com\/wp-content\/uploads\/2024\/09\/colorado-kids-dental-new-logo-1.webp"},"aioseo_meta_data":{"post_id":"3460","title":null,"description":"Es duro ver sufrir a alguien a quien quieres, \u00a1sobre todo si es un peque\u00f1\u00edn! Aqu\u00ed te ofrecemos consejos para aliviar las molestias dentales de tu beb\u00e9.","keywords":null,"keyphrases":{"focus":{"keyphrase":"","score":0,"analysis":{"keyphraseInTitle":{"score":0,"maxScore":9,"error":1}}},"additional":[]},"primary_term":null,"canonical_url":null,"og_title":null,"og_description":null,"og_object_type":"default","og_image_type":"default","og_image_url":null,"og_image_width":null,"og_image_height":null,"og_image_custom_url":null,"og_image_custom_fields":null,"og_video":"","og_custom_url":null,"og_article_section":null,"og_article_tags":null,"twitter_use_og":false,"twitter_card":"default","twitter_image_type":"default","twitter_image_url":null,"twitter_image_custom_url":null,"twitter_image_custom_fields":null,"twitter_title":null,"twitter_description":null,"schema":{"blockGraphs":[],"customGraphs":[],"default":{"data":{"Article":[],"Course":[],"Dataset":[],"FAQPage":[],"Movie":[],"Person":[],"Product":[],"ProductReview":[],"Car":[],"Recipe":[],"Service":[],"SoftwareApplication":[],"WebPage":[]},"graphName":"WebPage","isEnabled":true},"graphs":[]},"schema_type":"default","schema_type_options":null,"pillar_content":false,"robots_default":true,"robots_noindex":false,"robots_noarchive":false,"robots_nosnippet":false,"robots_nofollow":false,"robots_noimageindex":false,"robots_noodp":false,"robots_notranslate":false,"robots_max_snippet":"-1","robots_max_videopreview":"-1","robots_max_imagepreview":"large","priority":null,"frequency":"default","local_seo":null,"seo_analyzer_scan_date":"2025-08-14 23:01:08","limit_modified_date":false,"open_ai":"{\"title\":{\"suggestions\":[],\"usage\":0},\"description\":{\"suggestions\":[],\"usage\":0}}","created":"2024-04-15 17:21:16","updated":"2025-10-21 20:19:00"},"aioseo_breadcrumb":"<div class=\"aioseo-breadcrumbs\"><span class=\"aioseo-breadcrumb\">\n\t<a href=\"https:\/\/www.coloradokidsdental.com\/es\" title=\"Home\">Home<\/a>\n<\/span><span class=\"aioseo-breadcrumb-separator\">&raquo;<\/span><span class=\"aioseo-breadcrumb\">\n\t<a href=\"https:\/\/www.coloradokidsdental.com\/es\/services\/\" title=\"Services\">Services<\/a>\n<\/span><span class=\"aioseo-breadcrumb-separator\">&raquo;<\/span><span class=\"aioseo-breadcrumb\">\n\t<a href=\"https:\/\/www.coloradokidsdental.com\/es\/services\/infant-toddler-dentistry\/\" title=\"Infant &amp; Toddler Dentistry\">Infant &amp; Toddler Dentistry<\/a>\n<\/span><span class=\"aioseo-breadcrumb-separator\">&raquo;<\/span><span class=\"aioseo-breadcrumb\">\n\tTeething\n<\/span><\/div>","aioseo_breadcrumb_json":[{"label":"Home","link":"https:\/\/www.coloradokidsdental.com\/es"},{"label":"Services","link":"https:\/\/www.coloradokidsdental.com\/es\/services\/"},{"label":"Infant &#038; Toddler Dentistry","link":"https:\/\/www.coloradokidsdental.com\/es\/services\/infant-toddler-dentistry\/"},{"label":"Teething","link":"https:\/\/www.coloradokidsdental.com\/es\/services\/infant-toddler-dentistry\/teething\/"}],"_links":{"self":[{"href":"https:\/\/www.coloradokidsdental.com\/es\/wp-json\/wp\/v2\/pages\/3460","targetHints":{"allow":["GET"]}}],"collection":[{"href":"https:\/\/www.coloradokidsdental.com\/es\/wp-json\/wp\/v2\/pages"}],"about":[{"href":"https:\/\/www.coloradokidsdental.com\/es\/wp-json\/wp\/v2\/types\/page"}],"author":[{"embeddable":true,"href":"https:\/\/www.coloradokidsdental.com\/es\/wp-json\/wp\/v2\/users\/2"}],"replies":[{"embeddable":true,"href":"https:\/\/www.coloradokidsdental.com\/es\/wp-json\/wp\/v2\/comments?post=3460"}],"version-history":[{"count":0,"href":"https:\/\/www.coloradokidsdental.com\/es\/wp-json\/wp\/v2\/pages\/3460\/revisions"}],"up":[{"embeddable":true,"href":"https:\/\/www.coloradokidsdental.com\/es\/wp-json\/wp\/v2\/pages\/3402"}],"wp:featuredmedia":[{"embeddable":true,"href":"https:\/\/www.coloradokidsdental.com\/es\/wp-json\/wp\/v2\/media\/3444"}],"wp:attachment":[{"href":"https:\/\/www.coloradokidsdental.com\/es\/wp-json\/wp\/v2\/media?parent=3460"}],"curies":[{"name":"wp","href":"https:\/\/api.w.org\/{rel}","templated":true}]}}