{"id":3455,"date":"2024-04-15T11:09:57","date_gmt":"2024-04-15T17:09:57","guid":{"rendered":"https:\/\/www.coloradokidsdental.com\/?page_id=3455"},"modified":"2024-07-30T14:43:03","modified_gmt":"2024-07-30T20:43:03","slug":"pacientes-con-discapacidad","status":"publish","type":"page","link":"https:\/\/www.coloradokidsdental.com\/es\/services\/general-dentist-for-children\/dentistry-for-patients-with-disabilities\/","title":{"rendered":"Pacientes con discapacidad"},"content":{"rendered":"<h2>Pacientes con discapacidad en Denver, CO<\/h2>\n<p>Cuidar a un ni\u00f1o discapacitado conlleva una serie de experiencias diarias, las cuales pueden suponer un reto, pero tambi\u00e9n una satisfacci\u00f3n. Kid's Dental est\u00e1 a tu disposici\u00f3n para facilitarte los conocimientos que necesitas para garantizar que la salud bucodental de tu hijo sea una de tus principales prioridades.<\/p>\n<p>Nuestra cl\u00ednica de Denver ofrece diversos servicios preventivos, como <a href=\"\/es\/servicios\/cuidado-dental-preventivo\/examenes-dentales-para-ninos\/\">Las revisiones<\/a>, <a href=\"\/es\/servicios\/cuidado-dental-preventivo\/limpiezas-dentales-para-ninos\/\">limpiezas semestrales<\/a>, <a href=\"\/es\/servicios\/cuidado-dental-preventivo\/fluor\/\">tratamientos con fl\u00faor<\/a>, y <a href=\"\/es\/servicios\/cuidado-dental-preventivo\/selladores-dentales\/\">selladores dentales<\/a>. Asesoramos a los cuidadores para ofrecerles informaci\u00f3n esencial sobre la dieta y la higiene en casa. Nuestro dentista infantil tambi\u00e9n puede recomendar <a href=\"\/es\/servicios\/dentista-general-para-ninos\/odontologia-bajo-sedacion-para-ninos\/\">una sedaci\u00f3n<\/a> para mayor comodidad durante los procedimientos dentales.<\/p>\n<blockquote>\n<h5><em> <img loading=\"lazy\" decoding=\"async\" class=\"alignnone wp-image-3764\" src=\"https:\/\/www.coloradokidsdental.com\/wp-content\/uploads\/2024\/07\/lightbulb.png\" alt=\"\" width=\"35\" height=\"35\" srcset=\"https:\/\/www.coloradokidsdental.com\/wp-content\/uploads\/2024\/07\/lightbulb.png 64w, https:\/\/www.coloradokidsdental.com\/wp-content\/uploads\/2024\/07\/lightbulb-12x12.png 12w\" sizes=\"(max-width: 35px) 100vw, 35px\" \/>\u00bfSAB\u00cdAS QU\u00c9? <\/em><\/h5>\n<p> 20 millones de familias tienen al menos un miembro con alguna discapacidad. M\u00e1s de un tercio de los hogares de Estados Unidos se ven afectados por ello.<\/em><\/p><\/blockquote>\n<h2>C\u00f3mo podemos ayudarte<\/h2>\n<p>Nuestro equipo especialista en salud bucodental est\u00e1 a tu disposici\u00f3n para facilitarte la siguiente informaci\u00f3n y cuidados sobre salud oral:<\/p>\n<ul>\n<li>Consejos sobre t\u00e9cnicas de higiene dental cotidiana.<\/li>\n<li>Recomendaciones sobre las mejores herramientas y productos odontol\u00f3gicos.<\/li>\n<li>Visitas y procedimientos dentales c\u00f3modos.<\/li>\n<li>Opciones personalizadas de sedaci\u00f3n para procedimientos dentales.<\/li>\n<li>Fomento de una actitud positiva hacia el cuidado dental.<\/li>\n<\/ul>\n<h2>Cuidados dentales en casa para pacientes con discapacidad<\/h2>\n<p>Kid's Dental se compromete a atender todas tus dudas sobre la higiene dental diaria de tu hijo. Existen numerosos productos y herramientas para ayudar a los cuidadores a prestar un cuidado dental eficaz en casa. Podemos citar algunos ejemplos:<\/p>\n<ul>\n<li>Cepillos de dientes el\u00e9ctricos.<\/li>\n<li>Cepillos de dientes adaptables.<\/li>\n<li>Cepillos de dientes con temporizador.<\/li>\n<li>Pasta de dientes de sabores.<\/li>\n<li>Soportes para hilo dental y puntas.<\/li>\n<li>Irrigadores dentales.<\/li>\n<li>Enjuague bucal antis\u00e9ptico o con fl\u00faor.<\/li>\n<li>Hisopos bucales.<\/li>\n<li>Raspadores linguales.<\/li>\n<\/ul>\n<p>Nuestros odont\u00f3logos profesionales est\u00e1n a tu disposici\u00f3n para responder durante tu visita a cualquier pregunta que puedas tener sobre estos productos y servicios.<\/p>\n<h2>Aspectos a tener en cuenta en pacientes con discapacidad<\/h2>\n<p>Procuramos crear un entorno c\u00f3modo para nuestros pacientes con discapacidad y sus cuidadores. Cuando programamos la visita de tu hijo, tenemos en cuenta lo siguiente:<\/p>\n<ul>\n<li>La hora del d\u00eda que le viene mejor a tu hijo.<\/li>\n<li>Sedaci\u00f3n opcional para garantizar la comodidad y la seguridad.<\/li>\n<li>T\u00e9cnicas de gesti\u00f3n del comportamiento<\/li>\n<li>Atenci\u00f3n a las sensibilidades sensoriales del ni\u00f1o.<\/li>\n<li>Colaboraci\u00f3n constante con los especialistas odont\u00f3logos y el equipo m\u00e9dico de tu hijo.<\/li>\n<\/ul>\n<h2>La mejor atenci\u00f3n bucodental para tu hijo<\/h2>\n<p>Conf\u00eda en los servicios de Kid's Dental para ayudar a que tu hijo con discapacidad disfrute de una salud bucodental \u00f3ptima. Tanto si es autista como si padece TDAH, par\u00e1lisis cerebral u otros trastornos, estamos aqu\u00ed para favorecer su salud dental a largo plazo. <a href=\"\/es\/contacto\/\">Ponte en contacto con nosotros hoy mismo<\/a> para concertar una cita.<\/p>","protected":false},"excerpt":{"rendered":"<p>Kid&#8217;s Dental provides extra care for patients with disabilities and will equip you with the knowledge necessary to take excellent care of your child\u2019s oral health.<\/p>","protected":false},"author":2,"featured_media":3530,"parent":3299,"menu_order":0,"comment_status":"closed","ping_status":"closed","template":"","meta":{"_et_pb_use_builder":"","_et_pb_old_content":"","_et_gb_content_width":"","_monsterinsights_skip_tracking":false,"_monsterinsights_sitenote_active":false,"_monsterinsights_sitenote_note":"","_monsterinsights_sitenote_category":0,"footnotes":""},"class_list":["post-3455","page","type-page","status-publish","has-post-thumbnail","hentry"],"aioseo_notices":[],"aioseo_head":"\n\t\t<!-- All in One SEO Pro 4.9.6.2 - aioseo.com -->\n\t<meta name=\"description\" content=\"Kid&#039;s Dental creates an extraordinary experience for patients with disabilities in Denver. Contact us today to schedule an appointment.\" \/>\n\t<meta name=\"robots\" content=\"max-image-preview:large\" \/>\n\t<meta name=\"google-site-verification\" content=\"RcTk6iT82EKOvDVoW-KjdU3GzOsIE3xKWi3DitnN5dE\" \/>\n\t<link rel=\"canonical\" href=\"https:\/\/www.coloradokidsdental.com\/es\/services\/general-dentist-for-children\/dentistry-for-patients-with-disabilities\/\" \/>\n\t<meta name=\"generator\" content=\"All in One SEO Pro (AIOSEO) 4.9.6.2\" \/>\n\t\t<meta property=\"og:locale\" content=\"es_MX\" \/>\n\t\t<meta property=\"og:site_name\" content=\"Kid&#039;s Dental | Our dental office is devoted to serving our community and ensuring everyone has affordable access to dental care. We have several payment options available in addition to dental insurance, including Medicaid and CareCredit.\" \/>\n\t\t<meta property=\"og:type\" content=\"company\" \/>\n\t\t<meta property=\"og:title\" content=\"Dentistry for Patients with Disabilities in Denver | Kid&#039;s Dental\" \/>\n\t\t<meta property=\"og:description\" content=\"Kid&#039;s Dental creates an extraordinary experience for patients with disabilities in Denver. Contact us today to schedule an appointment.\" \/>\n\t\t<meta property=\"og:url\" content=\"https:\/\/www.coloradokidsdental.com\/es\/services\/general-dentist-for-children\/dentistry-for-patients-with-disabilities\/\" \/>\n\t\t<meta property=\"og:image\" content=\"https:\/\/www.coloradokidsdental.com\/wp-content\/uploads\/2024\/04\/YoungGirlSmilingOutdoors.jpg\" \/>\n\t\t<meta property=\"og:image:secure_url\" content=\"https:\/\/www.coloradokidsdental.com\/wp-content\/uploads\/2024\/04\/YoungGirlSmilingOutdoors.jpg\" \/>\n\t\t<meta property=\"og:image:width\" content=\"600\" \/>\n\t\t<meta property=\"og:image:height\" content=\"600\" \/>\n\t\t<meta name=\"twitter:card\" content=\"summary_large_image\" \/>\n\t\t<meta name=\"twitter:title\" content=\"Dentistry for Patients with Disabilities in Denver | Kid&#039;s Dental\" \/>\n\t\t<meta name=\"twitter:description\" content=\"Kid&#039;s Dental creates an extraordinary experience for patients with disabilities in Denver. Contact us today to schedule an appointment.\" \/>\n\t\t<meta name=\"twitter:image\" content=\"https:\/\/www.coloradokidsdental.com\/wp-content\/uploads\/2024\/09\/colorado-kids-dental-new-logo-1.webp\" \/>\n\t\t<script type=\"application\/ld+json\" class=\"aioseo-schema\">\n\t\t\t{\"@context\":\"https:\\\/\\\/schema.org\",\"@graph\":[{\"@type\":\"BreadcrumbList\",\"@id\":\"https:\\\/\\\/www.coloradokidsdental.com\\\/es\\\/services\\\/general-dentist-for-children\\\/dentistry-for-patients-with-disabilities\\\/#breadcrumblist\",\"itemListElement\":[{\"@type\":\"ListItem\",\"@id\":\"https:\\\/\\\/www.coloradokidsdental.com\\\/es#listItem\",\"position\":1,\"name\":\"Home\",\"item\":\"https:\\\/\\\/www.coloradokidsdental.com\\\/es\",\"nextItem\":{\"@type\":\"ListItem\",\"@id\":\"https:\\\/\\\/www.coloradokidsdental.com\\\/es\\\/services\\\/#listItem\",\"name\":\"Services\"}},{\"@type\":\"ListItem\",\"@id\":\"https:\\\/\\\/www.coloradokidsdental.com\\\/es\\\/services\\\/#listItem\",\"position\":2,\"name\":\"Services\",\"item\":\"https:\\\/\\\/www.coloradokidsdental.com\\\/es\\\/services\\\/\",\"nextItem\":{\"@type\":\"ListItem\",\"@id\":\"https:\\\/\\\/www.coloradokidsdental.com\\\/es\\\/services\\\/general-dentist-for-children\\\/#listItem\",\"name\":\"General Dentist for Children\"},\"previousItem\":{\"@type\":\"ListItem\",\"@id\":\"https:\\\/\\\/www.coloradokidsdental.com\\\/es#listItem\",\"name\":\"Home\"}},{\"@type\":\"ListItem\",\"@id\":\"https:\\\/\\\/www.coloradokidsdental.com\\\/es\\\/services\\\/general-dentist-for-children\\\/#listItem\",\"position\":3,\"name\":\"General Dentist for Children\",\"item\":\"https:\\\/\\\/www.coloradokidsdental.com\\\/es\\\/services\\\/general-dentist-for-children\\\/\",\"nextItem\":{\"@type\":\"ListItem\",\"@id\":\"https:\\\/\\\/www.coloradokidsdental.com\\\/es\\\/services\\\/general-dentist-for-children\\\/dentistry-for-patients-with-disabilities\\\/#listItem\",\"name\":\"Dentistry for Patients with Disabilities\"},\"previousItem\":{\"@type\":\"ListItem\",\"@id\":\"https:\\\/\\\/www.coloradokidsdental.com\\\/es\\\/services\\\/#listItem\",\"name\":\"Services\"}},{\"@type\":\"ListItem\",\"@id\":\"https:\\\/\\\/www.coloradokidsdental.com\\\/es\\\/services\\\/general-dentist-for-children\\\/dentistry-for-patients-with-disabilities\\\/#listItem\",\"position\":4,\"name\":\"Dentistry for Patients with Disabilities\",\"previousItem\":{\"@type\":\"ListItem\",\"@id\":\"https:\\\/\\\/www.coloradokidsdental.com\\\/es\\\/services\\\/general-dentist-for-children\\\/#listItem\",\"name\":\"General Dentist for Children\"}}]},{\"@type\":\"Organization\",\"@id\":\"https:\\\/\\\/www.coloradokidsdental.com\\\/es\\\/#organization\",\"name\":\"Kid's Dental\",\"description\":\"Our dental office is devoted to serving our community and ensuring everyone has affordable access to dental care. We have several payment options available in addition to dental insurance, including Medicaid and CareCredit.\",\"url\":\"https:\\\/\\\/www.coloradokidsdental.com\\\/es\\\/\",\"email\":\"federal@coloradokidsdental.com\",\"telephone\":\"+17205710404\",\"logo\":{\"@type\":\"ImageObject\",\"url\":\"https:\\\/\\\/www.coloradokidsdental.com\\\/wp-content\\\/uploads\\\/2024\\\/09\\\/colorado-kids-dental-new-logo-1.webp\",\"@id\":\"https:\\\/\\\/www.coloradokidsdental.com\\\/es\\\/services\\\/general-dentist-for-children\\\/dentistry-for-patients-with-disabilities\\\/#organizationLogo\",\"width\":350,\"height\":92},\"image\":{\"@id\":\"https:\\\/\\\/www.coloradokidsdental.com\\\/es\\\/services\\\/general-dentist-for-children\\\/dentistry-for-patients-with-disabilities\\\/#organizationLogo\"},\"sameAs\":[\"https:\\\/\\\/www.facebook.com\\\/kidsdentalfederal\\\/\"],\"address\":{\"@id\":\"https:\\\/\\\/www.coloradokidsdental.com\\\/es\\\/#postaladdress\",\"@type\":\"PostalAddress\",\"streetAddress\":\"2001 W. Alameda Ave,\",\"postalCode\":\"80223\",\"addressLocality\":\"Denver\",\"addressRegion\":\"Colorado\",\"addressCountry\":\"US\"}},{\"@type\":\"WebPage\",\"@id\":\"https:\\\/\\\/www.coloradokidsdental.com\\\/es\\\/services\\\/general-dentist-for-children\\\/dentistry-for-patients-with-disabilities\\\/#webpage\",\"url\":\"https:\\\/\\\/www.coloradokidsdental.com\\\/es\\\/services\\\/general-dentist-for-children\\\/dentistry-for-patients-with-disabilities\\\/\",\"name\":\"Dentistry for Patients with Disabilities in Denver | Kid's Dental\",\"description\":\"Kid's Dental creates an extraordinary experience for patients with disabilities in Denver. Contact us today to schedule an appointment.\",\"inLanguage\":\"es-MX\",\"isPartOf\":{\"@id\":\"https:\\\/\\\/www.coloradokidsdental.com\\\/es\\\/#website\"},\"breadcrumb\":{\"@id\":\"https:\\\/\\\/www.coloradokidsdental.com\\\/es\\\/services\\\/general-dentist-for-children\\\/dentistry-for-patients-with-disabilities\\\/#breadcrumblist\"},\"image\":{\"@type\":\"ImageObject\",\"url\":\"https:\\\/\\\/www.coloradokidsdental.com\\\/wp-content\\\/uploads\\\/2024\\\/04\\\/YoungGirlSmilingOutdoors.jpg\",\"@id\":\"https:\\\/\\\/www.coloradokidsdental.com\\\/es\\\/services\\\/general-dentist-for-children\\\/dentistry-for-patients-with-disabilities\\\/#mainImage\",\"width\":600,\"height\":600,\"caption\":\"Young Girl Smiling Outdoors\"},\"primaryImageOfPage\":{\"@id\":\"https:\\\/\\\/www.coloradokidsdental.com\\\/es\\\/services\\\/general-dentist-for-children\\\/dentistry-for-patients-with-disabilities\\\/#mainImage\"},\"datePublished\":\"2024-04-15T11:09:57-06:00\",\"dateModified\":\"2024-07-30T14:43:03-06:00\"},{\"@type\":\"WebSite\",\"@id\":\"https:\\\/\\\/www.coloradokidsdental.com\\\/es\\\/#website\",\"url\":\"https:\\\/\\\/www.coloradokidsdental.com\\\/es\\\/\",\"name\":\"Kid's Dental\",\"alternateName\":\"Kid's Dental\",\"description\":\"Our dental office is devoted to serving our community and ensuring everyone has affordable access to dental care. We have several payment options available in addition to dental insurance, including Medicaid and CareCredit.\",\"inLanguage\":\"es-MX\",\"publisher\":{\"@id\":\"https:\\\/\\\/www.coloradokidsdental.com\\\/es\\\/#organization\"}}]}\n\t\t<\/script>\n\t\t<!-- All in One SEO Pro -->\r\n\t\t<title>Dentistry for Patients with Disabilities in Denver | Kid's Dental<\/title>\n\n","aioseo_head_json":{"title":"Pacientes con discapacidad en Denver | Kid's Dental","description":"Kid's Dental ofrece una experiencia excelente a pacientes con discapacidad en Denver. Contacta con nosotros hoy mismo para concertar una cita.","canonical_url":"https:\/\/www.coloradokidsdental.com\/es\/services\/general-dentist-for-children\/dentistry-for-patients-with-disabilities\/","robots":"max-image-preview:large","keywords":"","webmasterTools":{"google-site-verification":"RcTk6iT82EKOvDVoW-KjdU3GzOsIE3xKWi3DitnN5dE","miscellaneous":""},"schema":{"@context":"https:\/\/schema.org","@graph":[{"@type":"BreadcrumbList","@id":"https:\/\/www.coloradokidsdental.com\/es\/services\/general-dentist-for-children\/dentistry-for-patients-with-disabilities\/#breadcrumblist","itemListElement":[{"@type":"ListItem","@id":"https:\/\/www.coloradokidsdental.com\/es#listItem","position":1,"name":"Home","item":"https:\/\/www.coloradokidsdental.com\/es","nextItem":{"@type":"ListItem","@id":"https:\/\/www.coloradokidsdental.com\/es\/services\/#listItem","name":"Services"}},{"@type":"ListItem","@id":"https:\/\/www.coloradokidsdental.com\/es\/services\/#listItem","position":2,"name":"Services","item":"https:\/\/www.coloradokidsdental.com\/es\/services\/","nextItem":{"@type":"ListItem","@id":"https:\/\/www.coloradokidsdental.com\/es\/services\/general-dentist-for-children\/#listItem","name":"General Dentist for Children"},"previousItem":{"@type":"ListItem","@id":"https:\/\/www.coloradokidsdental.com\/es#listItem","name":"Home"}},{"@type":"ListItem","@id":"https:\/\/www.coloradokidsdental.com\/es\/services\/general-dentist-for-children\/#listItem","position":3,"name":"General Dentist for Children","item":"https:\/\/www.coloradokidsdental.com\/es\/services\/general-dentist-for-children\/","nextItem":{"@type":"ListItem","@id":"https:\/\/www.coloradokidsdental.com\/es\/services\/general-dentist-for-children\/dentistry-for-patients-with-disabilities\/#listItem","name":"Dentistry for Patients with Disabilities"},"previousItem":{"@type":"ListItem","@id":"https:\/\/www.coloradokidsdental.com\/es\/services\/#listItem","name":"Services"}},{"@type":"ListItem","@id":"https:\/\/www.coloradokidsdental.com\/es\/services\/general-dentist-for-children\/dentistry-for-patients-with-disabilities\/#listItem","position":4,"name":"Dentistry for Patients with Disabilities","previousItem":{"@type":"ListItem","@id":"https:\/\/www.coloradokidsdental.com\/es\/services\/general-dentist-for-children\/#listItem","name":"General Dentist for Children"}}]},{"@type":"Organization","@id":"https:\/\/www.coloradokidsdental.com\/es\/#organization","name":"Kid's Dental","description":"Our dental office is devoted to serving our community and ensuring everyone has affordable access to dental care. We have several payment options available in addition to dental insurance, including Medicaid and CareCredit.","url":"https:\/\/www.coloradokidsdental.com\/es\/","email":"federal@coloradokidsdental.com","telephone":"+17205710404","logo":{"@type":"ImageObject","url":"https:\/\/www.coloradokidsdental.com\/wp-content\/uploads\/2024\/09\/colorado-kids-dental-new-logo-1.webp","@id":"https:\/\/www.coloradokidsdental.com\/es\/services\/general-dentist-for-children\/dentistry-for-patients-with-disabilities\/#organizationLogo","width":350,"height":92},"image":{"@id":"https:\/\/www.coloradokidsdental.com\/es\/services\/general-dentist-for-children\/dentistry-for-patients-with-disabilities\/#organizationLogo"},"sameAs":["https:\/\/www.facebook.com\/kidsdentalfederal\/"],"address":{"@id":"https:\/\/www.coloradokidsdental.com\/es\/#postaladdress","@type":"PostalAddress","streetAddress":"2001 W. Alameda Ave,","postalCode":"80223","addressLocality":"Denver","addressRegion":"Colorado","addressCountry":"US"}},{"@type":"WebPage","@id":"https:\/\/www.coloradokidsdental.com\/es\/services\/general-dentist-for-children\/dentistry-for-patients-with-disabilities\/#webpage","url":"https:\/\/www.coloradokidsdental.com\/es\/services\/general-dentist-for-children\/dentistry-for-patients-with-disabilities\/","name":"Dentistry for Patients with Disabilities in Denver | Kid's Dental","description":"Kid's Dental creates an extraordinary experience for patients with disabilities in Denver. Contact us today to schedule an appointment.","inLanguage":"es-MX","isPartOf":{"@id":"https:\/\/www.coloradokidsdental.com\/es\/#website"},"breadcrumb":{"@id":"https:\/\/www.coloradokidsdental.com\/es\/services\/general-dentist-for-children\/dentistry-for-patients-with-disabilities\/#breadcrumblist"},"image":{"@type":"ImageObject","url":"https:\/\/www.coloradokidsdental.com\/wp-content\/uploads\/2024\/04\/YoungGirlSmilingOutdoors.jpg","@id":"https:\/\/www.coloradokidsdental.com\/es\/services\/general-dentist-for-children\/dentistry-for-patients-with-disabilities\/#mainImage","width":600,"height":600,"caption":"Young Girl Smiling Outdoors"},"primaryImageOfPage":{"@id":"https:\/\/www.coloradokidsdental.com\/es\/services\/general-dentist-for-children\/dentistry-for-patients-with-disabilities\/#mainImage"},"datePublished":"2024-04-15T11:09:57-06:00","dateModified":"2024-07-30T14:43:03-06:00"},{"@type":"WebSite","@id":"https:\/\/www.coloradokidsdental.com\/es\/#website","url":"https:\/\/www.coloradokidsdental.com\/es\/","name":"Kid's Dental","alternateName":"Kid's Dental","description":"Our dental office is devoted to serving our community and ensuring everyone has affordable access to dental care. We have several payment options available in addition to dental insurance, including Medicaid and CareCredit.","inLanguage":"es-MX","publisher":{"@id":"https:\/\/www.coloradokidsdental.com\/es\/#organization"}}]},"og:locale":"es_MX","og:site_name":"Kid's Dental | Our dental office is devoted to serving our community and ensuring everyone has affordable access to dental care. We have several payment options available in addition to dental insurance, including Medicaid and CareCredit.","og:type":"company","og:title":"Dentistry for Patients with Disabilities in Denver | Kid's Dental","og:description":"Kid's Dental creates an extraordinary experience for patients with disabilities in Denver. Contact us today to schedule an appointment.","og:url":"https:\/\/www.coloradokidsdental.com\/es\/services\/general-dentist-for-children\/dentistry-for-patients-with-disabilities\/","og:image":"https:\/\/www.coloradokidsdental.com\/wp-content\/uploads\/2024\/04\/YoungGirlSmilingOutdoors.jpg","og:image:secure_url":"https:\/\/www.coloradokidsdental.com\/wp-content\/uploads\/2024\/04\/YoungGirlSmilingOutdoors.jpg","og:image:width":600,"og:image:height":600,"twitter:card":"summary_large_image","twitter:title":"Dentistry for Patients with Disabilities in Denver | Kid's Dental","twitter:description":"Kid's Dental creates an extraordinary experience for patients with disabilities in Denver. Contact us today to schedule an appointment.","twitter:image":"https:\/\/www.coloradokidsdental.com\/wp-content\/uploads\/2024\/09\/colorado-kids-dental-new-logo-1.webp"},"aioseo_meta_data":{"post_id":"3455","title":null,"description":null,"keywords":null,"keyphrases":{"focus":{"keyphrase":"","score":0,"analysis":{"keyphraseInTitle":{"score":0,"maxScore":9,"error":1}}},"additional":[]},"primary_term":null,"canonical_url":null,"og_title":null,"og_description":null,"og_object_type":"default","og_image_type":"default","og_image_url":null,"og_image_width":null,"og_image_height":null,"og_image_custom_url":null,"og_image_custom_fields":null,"og_video":"","og_custom_url":null,"og_article_section":null,"og_article_tags":null,"twitter_use_og":false,"twitter_card":"default","twitter_image_type":"default","twitter_image_url":null,"twitter_image_custom_url":null,"twitter_image_custom_fields":null,"twitter_title":null,"twitter_description":null,"schema":{"blockGraphs":[],"customGraphs":[],"default":{"data":{"Article":[],"Course":[],"Dataset":[],"FAQPage":[],"Movie":[],"Person":[],"Product":[],"ProductReview":[],"Car":[],"Recipe":[],"Service":[],"SoftwareApplication":[],"WebPage":[]},"graphName":"WebPage","isEnabled":true},"graphs":[]},"schema_type":"default","schema_type_options":null,"pillar_content":false,"robots_default":true,"robots_noindex":false,"robots_noarchive":false,"robots_nosnippet":false,"robots_nofollow":false,"robots_noimageindex":false,"robots_noodp":false,"robots_notranslate":false,"robots_max_snippet":"-1","robots_max_videopreview":"-1","robots_max_imagepreview":"large","priority":null,"frequency":"default","local_seo":null,"seo_analyzer_scan_date":"2025-08-14 23:01:12","limit_modified_date":false,"open_ai":"{\"title\":{\"suggestions\":[],\"usage\":0},\"description\":{\"suggestions\":[],\"usage\":0}}","created":"2024-04-15 17:09:57","updated":"2025-10-21 20:19:03"},"aioseo_breadcrumb":"<div class=\"aioseo-breadcrumbs\"><span class=\"aioseo-breadcrumb\">\n\t<a href=\"https:\/\/www.coloradokidsdental.com\/es\" title=\"Home\">Home<\/a>\n<\/span><span class=\"aioseo-breadcrumb-separator\">&raquo;<\/span><span class=\"aioseo-breadcrumb\">\n\t<a href=\"https:\/\/www.coloradokidsdental.com\/es\/services\/\" title=\"Services\">Services<\/a>\n<\/span><span class=\"aioseo-breadcrumb-separator\">&raquo;<\/span><span class=\"aioseo-breadcrumb\">\n\t<a href=\"https:\/\/www.coloradokidsdental.com\/es\/services\/general-dentist-for-children\/\" title=\"General Dentist for Children\">General Dentist for Children<\/a>\n<\/span><span class=\"aioseo-breadcrumb-separator\">&raquo;<\/span><span class=\"aioseo-breadcrumb\">\n\tDentistry for Patients with Disabilities\n<\/span><\/div>","aioseo_breadcrumb_json":[{"label":"Home","link":"https:\/\/www.coloradokidsdental.com\/es"},{"label":"Services","link":"https:\/\/www.coloradokidsdental.com\/es\/services\/"},{"label":"General Dentist for Children","link":"https:\/\/www.coloradokidsdental.com\/es\/services\/general-dentist-for-children\/"},{"label":"Dentistry for Patients with Disabilities","link":"https:\/\/www.coloradokidsdental.com\/es\/services\/general-dentist-for-children\/dentistry-for-patients-with-disabilities\/"}],"_links":{"self":[{"href":"https:\/\/www.coloradokidsdental.com\/es\/wp-json\/wp\/v2\/pages\/3455","targetHints":{"allow":["GET"]}}],"collection":[{"href":"https:\/\/www.coloradokidsdental.com\/es\/wp-json\/wp\/v2\/pages"}],"about":[{"href":"https:\/\/www.coloradokidsdental.com\/es\/wp-json\/wp\/v2\/types\/page"}],"author":[{"embeddable":true,"href":"https:\/\/www.coloradokidsdental.com\/es\/wp-json\/wp\/v2\/users\/2"}],"replies":[{"embeddable":true,"href":"https:\/\/www.coloradokidsdental.com\/es\/wp-json\/wp\/v2\/comments?post=3455"}],"version-history":[{"count":0,"href":"https:\/\/www.coloradokidsdental.com\/es\/wp-json\/wp\/v2\/pages\/3455\/revisions"}],"up":[{"embeddable":true,"href":"https:\/\/www.coloradokidsdental.com\/es\/wp-json\/wp\/v2\/pages\/3299"}],"wp:featuredmedia":[{"embeddable":true,"href":"https:\/\/www.coloradokidsdental.com\/es\/wp-json\/wp\/v2\/media\/3530"}],"wp:attachment":[{"href":"https:\/\/www.coloradokidsdental.com\/es\/wp-json\/wp\/v2\/media?parent=3455"}],"curies":[{"name":"wp","href":"https:\/\/api.w.org\/{rel}","templated":true}]}}