{"id":3402,"date":"2024-04-10T12:05:29","date_gmt":"2024-04-10T18:05:29","guid":{"rendered":"https:\/\/www.coloradokidsdental.com\/?page_id=3402"},"modified":"2025-05-30T16:14:00","modified_gmt":"2025-05-30T22:14:00","slug":"odontologia-infantil","status":"publish","type":"page","link":"https:\/\/www.coloradokidsdental.com\/es\/services\/infant-toddler-dentistry\/","title":{"rendered":"Odontolog\u00eda para beb\u00e9s y ni\u00f1os peque\u00f1os"},"content":{"rendered":"<h2>Odontolog\u00eda infantil en Denver, CO<\/h2>\n<p>\u00bfEres el padre o la madre de un beb\u00e9 o un ni\u00f1o peque\u00f1o y te preguntas c\u00f3mo proteger su hermosa sonrisa? Esa sonrisita crecer\u00e1 y se desarrollar\u00e1 en los pr\u00f3ximos a\u00f1os, pero siempre ser\u00e1 la \u00fanica y especial de tu hijo. En Lone Peak Dental Group estamos a tu disposici\u00f3n para garantizar una buena salud bucodental ahora y en los a\u00f1os venideros. Nuestros dentistas infantiles proporcionan una atenci\u00f3n odontol\u00f3gica delicada a beb\u00e9s y ni\u00f1os peque\u00f1os, as\u00ed como formaci\u00f3n para ayudar a los padres a cuidar con esmero de esas sonrisitas entre cita y cita con el dentista. <a href=\"\/es\/servicios\/dentista-general-para-ninos\/\">dentistas infantiles<\/a> proporcionan una atenci\u00f3n odontol\u00f3gica delicada a beb\u00e9s y ni\u00f1os peque\u00f1os, as\u00ed como formaci\u00f3n para ayudar a los padres a cuidar con esmero de esas sonrisitas entre cita y cita con el dentista.<\/p>\n<blockquote>\n<h5><em><img loading=\"lazy\" decoding=\"async\" class=\"alignnone wp-image-3764\" src=\"https:\/\/www.coloradokidsdental.com\/wp-content\/uploads\/2024\/07\/lightbulb.png\" alt=\"\" width=\"35\" height=\"35\" srcset=\"https:\/\/www.coloradokidsdental.com\/wp-content\/uploads\/2024\/07\/lightbulb.png 64w, https:\/\/www.coloradokidsdental.com\/wp-content\/uploads\/2024\/07\/lightbulb-12x12.png 12w\" sizes=\"(max-width: 35px) 100vw, 35px\" \/>\u00bfSAB\u00cdAS QU\u00c9?<\/em><\/h5>\n<p> En la boca de tu peque\u00f1o acabar\u00e1n apareciendo 20 dientes de leche y, en el futuro, 32 dientes permanentes, incluidas las muelas del juicio. <\/em><\/p><\/blockquote>\n<h2>Atenci\u00f3n dental infantil<\/h2>\n<p>Los beb\u00e9s nacen sin dientes y sin las bacterias que provocan las caries, pero igualmente necesitan cuidados preventivos orales. Despu\u00e9s de darle de comer, limpia suavemente las enc\u00edas del beb\u00e9 con un pa\u00f1o suave y h\u00famedo. Si observas enrojecimiento o manchas blancas en los tejidos blandos de la boca del lactante, es posible que tenga candidiasis bucal. La candidiasis bucal, una infecci\u00f3n por hongos, suele aparecer como consecuencia de una succi\u00f3n prolongada. Aunque no suele ser dolorosa y normalmente desaparece en unos d\u00edas, tu pediatra puede recetarte medicamentos antimic\u00f3ticos que se aplican directamente en las zonas afectadas.<\/p>\n<p>Entre los cuatro y los ocho meses de edad, al beb\u00e9 le aparecer\u00e1n los dientes centrales inferiores, seguidos de los centrales superiores. La salida de los dientes, o dentici\u00f3n, puede ser una experiencia dolorosa, pero todos los beb\u00e9s (y los padres) pasan por ella. Frota las enc\u00edas de tu hijo con tu dedo \u00edndice limpio o dale un juguete para la dentici\u00f3n. Masticar un pa\u00f1o limpio mojado en agua fr\u00eda tambi\u00e9n alivia. Los geles y pomadas para la dentici\u00f3n que se venden sin receta m\u00e9dica tienen un efecto adormecedor que alivia las molestias.<\/p>\n<p>Nunca jam\u00e1s acuestes al beb\u00e9 con un biber\u00f3n en la boca, a menos que contenga \u00fanicamente agua. Si sigues esta regla, evitar\u00e1s una dolorosa afecci\u00f3n conocida como caries del biber\u00f3n. La exposici\u00f3n prolongada a leche, zumos y otras bebidas provoca caries muy serias.<\/p>\n<p>La salida del primer diente anuncia la visita al dentista. Trae a tu hijo para que le hagamos una <a href=\"\/es\/servicios\/cuidado-dental-preventivo\/examenes-dentales-para-ninos\/\">revisi\u00f3n dental<\/a>. Our children\u2019s dentist can answer all of your questions and address your concerns about oral health and the care of babies. If we identify any abnormalities during the exam, the dentist will explain their findings and treatment recommendations.<\/p>\n<h2>Cuidado dental en ni\u00f1os peque\u00f1os<\/h2>\n<p>A tu hijo peque\u00f1o tambi\u00e9n le ir\u00e1n saliendo <a href=\"\/es\/servicios\/odontologia-infantil\/teething\/\">la dentici\u00f3n<\/a>. In addition to the tips for teething in babies, try distraction or comforting measures, like cuddling, to take your infant\u2019s mind off the discomfort.<\/p>\n<p>Tu hijo puede <a href=\"\/es\/servicios\/odontologia-infantil\/succion-del-pulgar\/\">chuparse el dedo<\/a> o utilizar <a href=\"\/es\/servicios\/odontologia-infantil\/pacifiers\/\">un chupete<\/a>. This behavior should be curtailed by age three and altogether stopped by age five. Our children\u2019s dentist in Denver can offer tips and advice to help.<\/p>\n<p>Lleva a tu hijo a una revisi\u00f3n dental dos veces al a\u00f1o. Utiliza un lenguaje corporal y verbal positivo para fomentar una buena actitud ante las visitas al dentista. Todos los miembros de nuestro equipo toman medidas especiales para que los beb\u00e9s y ni\u00f1os peque\u00f1os se sientan c\u00f3modos. A tu hijo le gustar\u00e1 la decoraci\u00f3n y el ambiente juguet\u00f3n de nuestra consulta, y aconsejamos a los padres que traigan objetos que les reconforten, como un mu\u00f1eco o una manta.<\/p>\n<h2>Atenci\u00f3n dental para beb\u00e9s y ni\u00f1os peque\u00f1os<\/h2>\n<p>El objetivo de Lone Peak Dental Group es crear un entorno acogedor, afectuoso y divertido para los peque\u00f1os. Todos los miembros de nuestro equipo adoran a los ni\u00f1os y disfrutan ense\u00f1ando a los padres los conocimientos de odontolog\u00eda que necesitan para atender mejor a sus hijos. <a href=\"\/es\/contacto\/\">Contacta con nuestra consulta hoy<\/a> to schedule your child\u2019s first appointment at Kid&#8217;s Dental.<\/p>","protected":false},"excerpt":{"rendered":"<p>The team at Kid&#8217;s Dental adores kids and enjoys teaching parents about infant and toddler dentistry. We\u2019ll partner with you to maintain your baby\u2019s good oral health throughout their youngest years.  <\/p>","protected":false},"author":2,"featured_media":3526,"parent":45,"menu_order":0,"comment_status":"closed","ping_status":"closed","template":"","meta":{"_et_pb_use_builder":"","_et_pb_old_content":"","_et_gb_content_width":"","_monsterinsights_skip_tracking":false,"_monsterinsights_sitenote_active":false,"_monsterinsights_sitenote_note":"","_monsterinsights_sitenote_category":0,"footnotes":""},"class_list":["post-3402","page","type-page","status-publish","has-post-thumbnail","hentry"],"aioseo_notices":[],"aioseo_head":"\n\t\t<!-- All in One SEO Pro 4.9.5.2 - aioseo.com -->\n\t<meta name=\"description\" content=\"Our children\u2019s dentists offer gentle infant and toddler dental care and training to help parents take excellent care of little smiles between visits.\" \/>\n\t<meta name=\"robots\" content=\"max-image-preview:large\" \/>\n\t<meta name=\"google-site-verification\" content=\"RcTk6iT82EKOvDVoW-KjdU3GzOsIE3xKWi3DitnN5dE\" \/>\n\t<link rel=\"canonical\" href=\"https:\/\/www.coloradokidsdental.com\/es\/services\/infant-toddler-dentistry\/\" \/>\n\t<meta name=\"generator\" content=\"All in One SEO Pro (AIOSEO) 4.9.5.2\" \/>\n\t\t<meta property=\"og:locale\" content=\"es_MX\" \/>\n\t\t<meta property=\"og:site_name\" content=\"Kid&#039;s Dental | Our dental office is devoted to serving our community and ensuring everyone has affordable access to dental care. We have several payment options available in addition to dental insurance, including Medicaid and CareCredit.\" \/>\n\t\t<meta property=\"og:type\" content=\"company\" \/>\n\t\t<meta property=\"og:title\" content=\"Infant &amp; Toddler Dentistry in Denver | Kid&#039;s Dental\" \/>\n\t\t<meta property=\"og:description\" content=\"Our children\u2019s dentists offer gentle infant and toddler dental care and training to help parents take excellent care of little smiles between visits.\" \/>\n\t\t<meta property=\"og:url\" content=\"https:\/\/www.coloradokidsdental.com\/es\/services\/infant-toddler-dentistry\/\" \/>\n\t\t<meta property=\"og:image\" content=\"https:\/\/www.coloradokidsdental.com\/wp-content\/uploads\/2024\/04\/ToddlerBrushingTeeth.jpg\" \/>\n\t\t<meta property=\"og:image:secure_url\" content=\"https:\/\/www.coloradokidsdental.com\/wp-content\/uploads\/2024\/04\/ToddlerBrushingTeeth.jpg\" \/>\n\t\t<meta property=\"og:image:width\" content=\"600\" \/>\n\t\t<meta property=\"og:image:height\" content=\"600\" \/>\n\t\t<meta name=\"twitter:card\" content=\"summary_large_image\" \/>\n\t\t<meta name=\"twitter:title\" content=\"Infant &amp; Toddler Dentistry in Denver | Kid&#039;s Dental\" \/>\n\t\t<meta name=\"twitter:description\" content=\"Our children\u2019s dentists offer gentle infant and toddler dental care and training to help parents take excellent care of little smiles between visits.\" \/>\n\t\t<meta name=\"twitter:image\" content=\"https:\/\/www.coloradokidsdental.com\/wp-content\/uploads\/2024\/09\/colorado-kids-dental-new-logo-1.webp\" \/>\n\t\t<script type=\"application\/ld+json\" class=\"aioseo-schema\">\n\t\t\t{\"@context\":\"https:\\\/\\\/schema.org\",\"@graph\":[{\"@type\":\"BreadcrumbList\",\"@id\":\"https:\\\/\\\/www.coloradokidsdental.com\\\/es\\\/services\\\/infant-toddler-dentistry\\\/#breadcrumblist\",\"itemListElement\":[{\"@type\":\"ListItem\",\"@id\":\"https:\\\/\\\/www.coloradokidsdental.com\\\/es#listItem\",\"position\":1,\"name\":\"Home\",\"item\":\"https:\\\/\\\/www.coloradokidsdental.com\\\/es\",\"nextItem\":{\"@type\":\"ListItem\",\"@id\":\"https:\\\/\\\/www.coloradokidsdental.com\\\/es\\\/services\\\/#listItem\",\"name\":\"Services\"}},{\"@type\":\"ListItem\",\"@id\":\"https:\\\/\\\/www.coloradokidsdental.com\\\/es\\\/services\\\/#listItem\",\"position\":2,\"name\":\"Services\",\"item\":\"https:\\\/\\\/www.coloradokidsdental.com\\\/es\\\/services\\\/\",\"nextItem\":{\"@type\":\"ListItem\",\"@id\":\"https:\\\/\\\/www.coloradokidsdental.com\\\/es\\\/services\\\/infant-toddler-dentistry\\\/#listItem\",\"name\":\"Infant &#038; Toddler Dentistry\"},\"previousItem\":{\"@type\":\"ListItem\",\"@id\":\"https:\\\/\\\/www.coloradokidsdental.com\\\/es#listItem\",\"name\":\"Home\"}},{\"@type\":\"ListItem\",\"@id\":\"https:\\\/\\\/www.coloradokidsdental.com\\\/es\\\/services\\\/infant-toddler-dentistry\\\/#listItem\",\"position\":3,\"name\":\"Infant &#038; Toddler Dentistry\",\"previousItem\":{\"@type\":\"ListItem\",\"@id\":\"https:\\\/\\\/www.coloradokidsdental.com\\\/es\\\/services\\\/#listItem\",\"name\":\"Services\"}}]},{\"@type\":\"Organization\",\"@id\":\"https:\\\/\\\/www.coloradokidsdental.com\\\/es\\\/#organization\",\"name\":\"Kid's Dental\",\"description\":\"Our dental office is devoted to serving our community and ensuring everyone has affordable access to dental care. We have several payment options available in addition to dental insurance, including Medicaid and CareCredit.\",\"url\":\"https:\\\/\\\/www.coloradokidsdental.com\\\/es\\\/\",\"email\":\"federal@coloradokidsdental.com\",\"telephone\":\"+17205710404\",\"logo\":{\"@type\":\"ImageObject\",\"url\":\"https:\\\/\\\/www.coloradokidsdental.com\\\/wp-content\\\/uploads\\\/2024\\\/09\\\/colorado-kids-dental-new-logo-1.webp\",\"@id\":\"https:\\\/\\\/www.coloradokidsdental.com\\\/es\\\/services\\\/infant-toddler-dentistry\\\/#organizationLogo\",\"width\":350,\"height\":92},\"image\":{\"@id\":\"https:\\\/\\\/www.coloradokidsdental.com\\\/es\\\/services\\\/infant-toddler-dentistry\\\/#organizationLogo\"},\"sameAs\":[\"https:\\\/\\\/www.facebook.com\\\/kidsdentalfederal\\\/\"],\"address\":{\"@id\":\"https:\\\/\\\/www.coloradokidsdental.com\\\/es\\\/#postaladdress\",\"@type\":\"PostalAddress\",\"streetAddress\":\"2001 W. Alameda Ave,\",\"postalCode\":\"80223\",\"addressLocality\":\"Denver\",\"addressRegion\":\"Colorado\",\"addressCountry\":\"US\"}},{\"@type\":\"WebPage\",\"@id\":\"https:\\\/\\\/www.coloradokidsdental.com\\\/es\\\/services\\\/infant-toddler-dentistry\\\/#webpage\",\"url\":\"https:\\\/\\\/www.coloradokidsdental.com\\\/es\\\/services\\\/infant-toddler-dentistry\\\/\",\"name\":\"Infant & Toddler Dentistry in Denver | Kid's Dental\",\"description\":\"Our children\\u2019s dentists offer gentle infant and toddler dental care and training to help parents take excellent care of little smiles between visits.\",\"inLanguage\":\"es-MX\",\"isPartOf\":{\"@id\":\"https:\\\/\\\/www.coloradokidsdental.com\\\/es\\\/#website\"},\"breadcrumb\":{\"@id\":\"https:\\\/\\\/www.coloradokidsdental.com\\\/es\\\/services\\\/infant-toddler-dentistry\\\/#breadcrumblist\"},\"image\":{\"@type\":\"ImageObject\",\"url\":\"https:\\\/\\\/www.coloradokidsdental.com\\\/wp-content\\\/uploads\\\/2024\\\/04\\\/ToddlerBrushingTeeth.jpg\",\"@id\":\"https:\\\/\\\/www.coloradokidsdental.com\\\/es\\\/services\\\/infant-toddler-dentistry\\\/#mainImage\",\"width\":600,\"height\":600,\"caption\":\"Toddler Brushing Teeth\"},\"primaryImageOfPage\":{\"@id\":\"https:\\\/\\\/www.coloradokidsdental.com\\\/es\\\/services\\\/infant-toddler-dentistry\\\/#mainImage\"},\"datePublished\":\"2024-04-10T12:05:29-06:00\",\"dateModified\":\"2025-05-30T16:14:00-06:00\"},{\"@type\":\"WebSite\",\"@id\":\"https:\\\/\\\/www.coloradokidsdental.com\\\/es\\\/#website\",\"url\":\"https:\\\/\\\/www.coloradokidsdental.com\\\/es\\\/\",\"name\":\"Kid's Dental\",\"alternateName\":\"Kid's Dental\",\"description\":\"Our dental office is devoted to serving our community and ensuring everyone has affordable access to dental care. We have several payment options available in addition to dental insurance, including Medicaid and CareCredit.\",\"inLanguage\":\"es-MX\",\"publisher\":{\"@id\":\"https:\\\/\\\/www.coloradokidsdental.com\\\/es\\\/#organization\"}}]}\n\t\t<\/script>\n\t\t<!-- All in One SEO Pro -->\r\n\t\t<title>Infant &amp; Toddler Dentistry in Denver | Kid's Dental<\/title>\n\n","aioseo_head_json":{"title":"Odontolog\u00eda infantil en Denver | Kid's Dental","description":"Nuestros dentistas infantiles ofrecen atenci\u00f3n odontol\u00f3gica delicada a beb\u00e9s y ni\u00f1os peque\u00f1os, as\u00ed como formaci\u00f3n para que los padres cuiden sus sonrisas.","canonical_url":"https:\/\/www.coloradokidsdental.com\/es\/services\/infant-toddler-dentistry\/","robots":"max-image-preview:large","keywords":"","webmasterTools":{"google-site-verification":"RcTk6iT82EKOvDVoW-KjdU3GzOsIE3xKWi3DitnN5dE","miscellaneous":""},"schema":{"@context":"https:\/\/schema.org","@graph":[{"@type":"BreadcrumbList","@id":"https:\/\/www.coloradokidsdental.com\/es\/services\/infant-toddler-dentistry\/#breadcrumblist","itemListElement":[{"@type":"ListItem","@id":"https:\/\/www.coloradokidsdental.com\/es#listItem","position":1,"name":"Home","item":"https:\/\/www.coloradokidsdental.com\/es","nextItem":{"@type":"ListItem","@id":"https:\/\/www.coloradokidsdental.com\/es\/services\/#listItem","name":"Services"}},{"@type":"ListItem","@id":"https:\/\/www.coloradokidsdental.com\/es\/services\/#listItem","position":2,"name":"Services","item":"https:\/\/www.coloradokidsdental.com\/es\/services\/","nextItem":{"@type":"ListItem","@id":"https:\/\/www.coloradokidsdental.com\/es\/services\/infant-toddler-dentistry\/#listItem","name":"Infant &#038; Toddler Dentistry"},"previousItem":{"@type":"ListItem","@id":"https:\/\/www.coloradokidsdental.com\/es#listItem","name":"Home"}},{"@type":"ListItem","@id":"https:\/\/www.coloradokidsdental.com\/es\/services\/infant-toddler-dentistry\/#listItem","position":3,"name":"Infant &#038; Toddler Dentistry","previousItem":{"@type":"ListItem","@id":"https:\/\/www.coloradokidsdental.com\/es\/services\/#listItem","name":"Services"}}]},{"@type":"Organization","@id":"https:\/\/www.coloradokidsdental.com\/es\/#organization","name":"Kid's Dental","description":"Our dental office is devoted to serving our community and ensuring everyone has affordable access to dental care. We have several payment options available in addition to dental insurance, including Medicaid and CareCredit.","url":"https:\/\/www.coloradokidsdental.com\/es\/","email":"federal@coloradokidsdental.com","telephone":"+17205710404","logo":{"@type":"ImageObject","url":"https:\/\/www.coloradokidsdental.com\/wp-content\/uploads\/2024\/09\/colorado-kids-dental-new-logo-1.webp","@id":"https:\/\/www.coloradokidsdental.com\/es\/services\/infant-toddler-dentistry\/#organizationLogo","width":350,"height":92},"image":{"@id":"https:\/\/www.coloradokidsdental.com\/es\/services\/infant-toddler-dentistry\/#organizationLogo"},"sameAs":["https:\/\/www.facebook.com\/kidsdentalfederal\/"],"address":{"@id":"https:\/\/www.coloradokidsdental.com\/es\/#postaladdress","@type":"PostalAddress","streetAddress":"2001 W. Alameda Ave,","postalCode":"80223","addressLocality":"Denver","addressRegion":"Colorado","addressCountry":"US"}},{"@type":"WebPage","@id":"https:\/\/www.coloradokidsdental.com\/es\/services\/infant-toddler-dentistry\/#webpage","url":"https:\/\/www.coloradokidsdental.com\/es\/services\/infant-toddler-dentistry\/","name":"Infant & Toddler Dentistry in Denver | Kid's Dental","description":"Our children\u2019s dentists offer gentle infant and toddler dental care and training to help parents take excellent care of little smiles between visits.","inLanguage":"es-MX","isPartOf":{"@id":"https:\/\/www.coloradokidsdental.com\/es\/#website"},"breadcrumb":{"@id":"https:\/\/www.coloradokidsdental.com\/es\/services\/infant-toddler-dentistry\/#breadcrumblist"},"image":{"@type":"ImageObject","url":"https:\/\/www.coloradokidsdental.com\/wp-content\/uploads\/2024\/04\/ToddlerBrushingTeeth.jpg","@id":"https:\/\/www.coloradokidsdental.com\/es\/services\/infant-toddler-dentistry\/#mainImage","width":600,"height":600,"caption":"Toddler Brushing Teeth"},"primaryImageOfPage":{"@id":"https:\/\/www.coloradokidsdental.com\/es\/services\/infant-toddler-dentistry\/#mainImage"},"datePublished":"2024-04-10T12:05:29-06:00","dateModified":"2025-05-30T16:14:00-06:00"},{"@type":"WebSite","@id":"https:\/\/www.coloradokidsdental.com\/es\/#website","url":"https:\/\/www.coloradokidsdental.com\/es\/","name":"Kid's Dental","alternateName":"Kid's Dental","description":"Our dental office is devoted to serving our community and ensuring everyone has affordable access to dental care. We have several payment options available in addition to dental insurance, including Medicaid and CareCredit.","inLanguage":"es-MX","publisher":{"@id":"https:\/\/www.coloradokidsdental.com\/es\/#organization"}}]},"og:locale":"es_MX","og:site_name":"Kid's Dental | Our dental office is devoted to serving our community and ensuring everyone has affordable access to dental care. We have several payment options available in addition to dental insurance, including Medicaid and CareCredit.","og:type":"company","og:title":"Infant &amp; Toddler Dentistry in Denver | Kid's Dental","og:description":"Our children\u2019s dentists offer gentle infant and toddler dental care and training to help parents take excellent care of little smiles between visits.","og:url":"https:\/\/www.coloradokidsdental.com\/es\/services\/infant-toddler-dentistry\/","og:image":"https:\/\/www.coloradokidsdental.com\/wp-content\/uploads\/2024\/04\/ToddlerBrushingTeeth.jpg","og:image:secure_url":"https:\/\/www.coloradokidsdental.com\/wp-content\/uploads\/2024\/04\/ToddlerBrushingTeeth.jpg","og:image:width":600,"og:image:height":600,"twitter:card":"summary_large_image","twitter:title":"Infant &amp; Toddler Dentistry in Denver | Kid's Dental","twitter:description":"Our children\u2019s dentists offer gentle infant and toddler dental care and training to help parents take excellent care of little smiles between visits.","twitter:image":"https:\/\/www.coloradokidsdental.com\/wp-content\/uploads\/2024\/09\/colorado-kids-dental-new-logo-1.webp"},"aioseo_meta_data":{"post_id":"3402","title":null,"description":null,"keywords":null,"keyphrases":{"focus":{"keyphrase":"","score":0,"analysis":{"keyphraseInTitle":{"score":0,"maxScore":9,"error":1}}},"additional":[]},"primary_term":null,"canonical_url":null,"og_title":null,"og_description":null,"og_object_type":"default","og_image_type":"default","og_image_url":null,"og_image_width":null,"og_image_height":null,"og_image_custom_url":null,"og_image_custom_fields":null,"og_video":"","og_custom_url":null,"og_article_section":null,"og_article_tags":null,"twitter_use_og":false,"twitter_card":"default","twitter_image_type":"default","twitter_image_url":null,"twitter_image_custom_url":null,"twitter_image_custom_fields":null,"twitter_title":null,"twitter_description":null,"schema":{"blockGraphs":[],"customGraphs":[],"default":{"data":{"Article":[],"Course":[],"Dataset":[],"FAQPage":[],"Movie":[],"Person":[],"Product":[],"ProductReview":[],"Car":[],"Recipe":[],"Service":[],"SoftwareApplication":[],"WebPage":[]},"graphName":"WebPage","isEnabled":true},"graphs":[]},"schema_type":"default","schema_type_options":null,"pillar_content":false,"robots_default":true,"robots_noindex":false,"robots_noarchive":false,"robots_nosnippet":false,"robots_nofollow":false,"robots_noimageindex":false,"robots_noodp":false,"robots_notranslate":false,"robots_max_snippet":"-1","robots_max_videopreview":"-1","robots_max_imagepreview":"large","priority":null,"frequency":"default","local_seo":null,"seo_analyzer_scan_date":"2025-08-14 22:13:33","limit_modified_date":false,"open_ai":"{\"title\":{\"suggestions\":[],\"usage\":0},\"description\":{\"suggestions\":[],\"usage\":0}}","created":"2024-04-10 18:05:29","updated":"2025-10-21 20:19:05"},"aioseo_breadcrumb":"<div class=\"aioseo-breadcrumbs\"><span class=\"aioseo-breadcrumb\">\n\t<a href=\"https:\/\/www.coloradokidsdental.com\/es\" title=\"Home\">Home<\/a>\n<\/span><span class=\"aioseo-breadcrumb-separator\">&raquo;<\/span><span class=\"aioseo-breadcrumb\">\n\t<a href=\"https:\/\/www.coloradokidsdental.com\/es\/services\/\" title=\"Services\">Services<\/a>\n<\/span><span class=\"aioseo-breadcrumb-separator\">&raquo;<\/span><span class=\"aioseo-breadcrumb\">\n\tInfant &amp; Toddler Dentistry\n<\/span><\/div>","aioseo_breadcrumb_json":[{"label":"Home","link":"https:\/\/www.coloradokidsdental.com\/es"},{"label":"Services","link":"https:\/\/www.coloradokidsdental.com\/es\/services\/"},{"label":"Infant &#038; Toddler Dentistry","link":"https:\/\/www.coloradokidsdental.com\/es\/services\/infant-toddler-dentistry\/"}],"_links":{"self":[{"href":"https:\/\/www.coloradokidsdental.com\/es\/wp-json\/wp\/v2\/pages\/3402","targetHints":{"allow":["GET"]}}],"collection":[{"href":"https:\/\/www.coloradokidsdental.com\/es\/wp-json\/wp\/v2\/pages"}],"about":[{"href":"https:\/\/www.coloradokidsdental.com\/es\/wp-json\/wp\/v2\/types\/page"}],"author":[{"embeddable":true,"href":"https:\/\/www.coloradokidsdental.com\/es\/wp-json\/wp\/v2\/users\/2"}],"replies":[{"embeddable":true,"href":"https:\/\/www.coloradokidsdental.com\/es\/wp-json\/wp\/v2\/comments?post=3402"}],"version-history":[{"count":0,"href":"https:\/\/www.coloradokidsdental.com\/es\/wp-json\/wp\/v2\/pages\/3402\/revisions"}],"up":[{"embeddable":true,"href":"https:\/\/www.coloradokidsdental.com\/es\/wp-json\/wp\/v2\/pages\/45"}],"wp:featuredmedia":[{"embeddable":true,"href":"https:\/\/www.coloradokidsdental.com\/es\/wp-json\/wp\/v2\/media\/3526"}],"wp:attachment":[{"href":"https:\/\/www.coloradokidsdental.com\/es\/wp-json\/wp\/v2\/media?parent=3402"}],"curies":[{"name":"wp","href":"https:\/\/api.w.org\/{rel}","templated":true}]}}